{"id":6,"date":"2025-08-27T06:09:13","date_gmt":"2025-08-27T06:09:13","guid":{"rendered":"https:\/\/car-cleaning.it\/?page_id=6"},"modified":"2025-08-27T06:09:19","modified_gmt":"2025-08-27T06:09:19","slug":"startseite","status":"publish","type":"page","link":"https:\/\/car-cleaning.it\/index.php\/startseite\/","title":{"rendered":"Startseite"},"content":{"rendered":"<!--\r\nAnleitung (kurz):\r\n1) In WordPress eine neue Seite \"Startseite\" anlegen.\r\n2) Editor \u00f6ffnen > Dreipunkt-Men\u00fc > \"Code-Editor\".\r\n3) Den gesamten Inhalt dieses Dokuments kopieren & einf\u00fcgen.\r\n4) Ver\u00f6ffentlichen und unter Einstellungen > Lesen diese Seite als Startseite festlegen.\r\n5) F\u00fcr Produkte WooCommerce installieren. Platzhalter\/Shortcodes unten anpassen.\r\n6) Bilder, Telefonnummer, \u00d6ffnungszeiten, Adresse und Social Links ersetzen.\r\n\r\nHinweise:\r\n- Vorlage nutzt nur Core-Gutenberg-Bl\u00f6cke + (optional) WooCommerce Shortcodes.\r\n- Kompatibel mit Block-Themes (z. B. Twenty Twenty-Five) und klassischen Themes.\r\n- Abschnitte: Hero, USPs, Leistungen (Installationen), Kategorien, Shop-Highlights, Notdienst, Bewertungen, Marken, FAQ, Kontakt\/CTA, Footer.\r\n-->\r\n\r\n<!-- HERO -->\r\n\r\n<div class=\"wp-block-cover alignfull is-light\" style=\"min-height:70vh;aspect-ratio:unset;\"><span aria-hidden=\"true\" class=\"wp-block-cover__background has-background-dim-40 has-background-dim\"><\/span><img decoding=\"async\" class=\"wp-block-cover__image-background\" alt=\"Elektrogesch\u00e4ft\" src=\"https:\/\/images.unsplash.com\/photo-1518779578993-ec3579fee39f?q=80&#038;w=1920\" data-object-fit=\"cover\"\/><div class=\"wp-block-cover__inner-container is-layout-flow wp-block-cover-is-layout-flow\">\r\n<div class=\"wp-block-group has-global-padding is-layout-constrained wp-container-core-group-is-layout-5fb0786f wp-block-group-is-layout-constrained\">\r\n<p class=\"has-text-align-center has-background-color has-text-color has-small-font-size\" style=\"letter-spacing:0.08em;text-transform:uppercase\">[Ihr Elektro-Fachbetrieb]<\/p>\r\n\r\n\r\n\r\n<h1 class=\"wp-block-heading has-text-align-center has-background-color has-text-color\" style=\"font-size:clamp(31.609px, 1.976rem + ((1vw - 3.2px) * 2.391), 56px);line-height:1.1\">Elektro-Shop &#038; Meisterbetrieb \u2013 Verkauf, Beratung &#038; Installation<\/h1>\r\n\r\n\r\n\r\n<p class=\"has-text-align-center has-background-color has-text-color\" style=\"margin-top:12px;font-size:clamp(14px, 0.875rem + ((1vw - 3.2px) * 0.588), 20px);\">Alle Elektroartikel \u2013 von Leuchten &#038; Schaltern bis Smart\u202fHome. Fachgerechte Installation durch zertifizierte Elektriker.<\/p>\r\n\r\n\r\n\r\n<div class=\"wp-block-buttons is-content-justification-center is-layout-flex wp-container-core-buttons-is-layout-33590bc7 wp-block-buttons-is-layout-flex\" style=\"margin-top:24px\">\r\n<div class=\"wp-block-button\"><a class=\"wp-block-button__link has-background-color has-contrast-background-color has-text-color has-background wp-element-button\" style=\"border-radius:999px;padding-top:12px;padding-right:24px;padding-bottom:12px;padding-left:24px\" href=\"#shop\">Jetzt einkaufen<\/a><\/div>\r\n\r\n\r\n\r\n<div class=\"wp-block-button is-style-outline is-style-outline--1\"><a class=\"wp-block-button__link wp-element-button\" style=\"border-radius:999px\" href=\"#installationen\">Installation anfragen<\/a><\/div>\r\n<\/div>\r\n<\/div>\r\n<\/div><\/div>\r\n\r\n\r\n<!-- USPs -->\r\n\r\n<div class=\"wp-block-group has-global-padding is-layout-constrained wp-container-core-group-is-layout-74f998f8 wp-block-group-is-layout-constrained\" style=\"padding-top:40px;padding-bottom:0px\">\r\n<div class=\"wp-block-columns is-layout-flex wp-container-core-columns-is-layout-9a14f22c wp-block-columns-is-layout-flex\">\r\n<div class=\"wp-block-column is-layout-flow wp-block-column-is-layout-flow\">\r\n<p class=\"has-text-align-center\">\u2714 Meisterbetrieb &#038; E\u2011Check<\/p>\r\n<\/div>\r\n\r\n\r\n\r\n<div class=\"wp-block-column is-layout-flow wp-block-column-is-layout-flow\">\r\n<p class=\"has-text-align-center\">\u2714 Pers\u00f6nliche Beratung im Laden &#038; online<\/p>\r\n<\/div>\r\n\r\n\r\n\r\n<div class=\"wp-block-column is-layout-flow wp-block-column-is-layout-flow\">\r\n<p class=\"has-text-align-center\">\u2714 Schneller Einbau &#038; Notdienst<\/p>\r\n<\/div>\r\n<\/div>\r\n<\/div>\r\n\r\n\r\n<!-- INSTALLATIONEN \/ LEISTUNGEN -->\r\n\r\n<div id=\"installationen\" class=\"wp-block-group has-global-padding is-layout-constrained wp-container-core-group-is-layout-05e2f61f wp-block-group-is-layout-constrained\" style=\"padding-top:64px;padding-bottom:64px\">\r\n<h2 class=\"wp-block-heading has-text-align-center\">Elektro\u2011Installationen &#038; Services<\/h2>\r\n\r\n\r\n\r\n<div class=\"wp-block-columns is-layout-flex wp-container-core-columns-is-layout-13e2ef3f wp-block-columns-is-layout-flex\">\r\n<div class=\"wp-block-column is-layout-flow wp-block-column-is-layout-flow\">\r\n<div class=\"wp-block-group has-border-color has-contrast-3-border-color is-layout-flow wp-block-group-is-layout-flow\" style=\"border-width:1px;border-radius:16px;padding-top:24px;padding-right:24px;padding-bottom:24px;padding-left:24px\">\r\n<h3 class=\"wp-block-heading\">Haus\u2011 &#038; Wohnungsinstallation<\/h3>\r\n\r\n\r\n\r\n<p>Neuinstallation, Sanierung, Unterverteilungen, Steckdosen, Schalter, Beleuchtung. Abnahme &#038; Messprotokoll inklusive.<\/p>\r\n\r\n\r\n\r\n<ul class=\"wp-block-list\"><li>E\u2011Check &#038; DGUV\u2011Pr\u00fcfungen<\/li><li>FI\/RCD\u2011Nachr\u00fcstung<\/li><li>Smart\u2011Home\u2011Vorbereitung<\/li><\/ul>\r\n<\/div>\r\n<\/div>\r\n\r\n\r\n\r\n<div class=\"wp-block-column is-layout-flow wp-block-column-is-layout-flow\">\r\n<div class=\"wp-block-group has-border-color has-contrast-3-border-color is-layout-flow wp-block-group-is-layout-flow\" style=\"border-width:1px;border-radius:16px;padding-top:24px;padding-right:24px;padding-bottom:24px;padding-left:24px\">\r\n<h3 class=\"wp-block-heading\">Wallbox &#038; PV\u2011Anbindung<\/h3>\r\n\r\n\r\n\r\n<p>Beratung, Montage und Anmeldung beim Netzbetreiber. Lastmanagement und Integration in Smart\u2011Home\u2011Systeme.<\/p>\r\n\r\n\r\n\r\n<ul class=\"wp-block-list\"><li>11\u202fkW \/ 22\u202fkW<\/li><li>Backend\u2011Einrichtung<\/li><li>F\u00f6rderberatung<\/li><\/ul>\r\n<\/div>\r\n<\/div>\r\n\r\n\r\n\r\n<div class=\"wp-block-column is-layout-flow wp-block-column-is-layout-flow\">\r\n<div class=\"wp-block-group has-border-color has-contrast-3-border-color is-layout-flow wp-block-group-is-layout-flow\" style=\"border-width:1px;border-radius:16px;padding-top:24px;padding-right:24px;padding-bottom:24px;padding-left:24px\">\r\n<h3 class=\"wp-block-heading\">Netzwerk &#038; Smart Home<\/h3>\r\n\r\n\r\n\r\n<p>WLAN\u2011Ausleuchtung, Patchfelder, KNX\/EnOcean, smarte Thermostate, Sicherheits\u2011 und Klingelanlagen.<\/p>\r\n\r\n\r\n\r\n<ul class=\"wp-block-list\"><li>Video\u2011T\u00fcrsprechanlagen<\/li><li>Alarm\u2011 &#038; Kamera\u2011Systeme<\/li><li>App\u2011Steuerung<\/li><\/ul>\r\n<\/div>\r\n<\/div>\r\n<\/div>\r\n\r\n\r\n\r\n<div class=\"wp-block-buttons is-content-justification-center is-layout-flex wp-container-core-buttons-is-layout-33590bc7 wp-block-buttons-is-layout-flex\" style=\"margin-top:24px\">\r\n<div class=\"wp-block-button is-style-fill\"><a class=\"wp-block-button__link wp-element-button\" href=\"#kontakt\">Kostenloses Angebot anfordern<\/a><\/div>\r\n<\/div>\r\n<\/div>\r\n\r\n\r\n<!-- KATEGORIEN -->\r\n\r\n<div class=\"wp-block-group has-global-padding is-layout-constrained wp-container-core-group-is-layout-5fb0786f wp-block-group-is-layout-constrained\">\r\n<h2 class=\"wp-block-heading has-text-align-center\">Produktkategorien<\/h2>\r\n\r\n\r\n\r\n<div class=\"wp-block-columns is-layout-flex wp-container-core-columns-is-layout-13e2ef3f wp-block-columns-is-layout-flex\">\r\n<div class=\"wp-block-column is-layout-flow wp-block-column-is-layout-flow\">\r\n<div class=\"wp-block-cover\" style=\"min-height:260px;aspect-ratio:unset;\"><span aria-hidden=\"true\" class=\"wp-block-cover__background has-background-dim-20 has-background-dim\"><\/span><img decoding=\"async\" class=\"wp-block-cover__image-background\" alt=\"Leuchten\" src=\"https:\/\/images.unsplash.com\/photo-1493809842364-78817add7ffb?q=80&#038;w=1200\" data-object-fit=\"cover\"\/><div class=\"wp-block-cover__inner-container is-layout-flow wp-block-cover-is-layout-flow\">\r\n<h3 class=\"wp-block-heading has-text-align-center has-background-color has-text-color\">Leuchten<\/h3>\r\n<\/div><\/div>\r\n<\/div>\r\n\r\n\r\n\r\n<div class=\"wp-block-column is-layout-flow wp-block-column-is-layout-flow\">\r\n<div class=\"wp-block-cover\" style=\"min-height:260px;aspect-ratio:unset;\"><span aria-hidden=\"true\" class=\"wp-block-cover__background has-background-dim-20 has-background-dim\"><\/span><img decoding=\"async\" class=\"wp-block-cover__image-background\" alt=\"Schalter &#038; Steckdosen\" src=\"https:\/\/images.unsplash.com\/photo-1517438984742-1262db083ed1?q=80&#038;w=1200\" data-object-fit=\"cover\"\/><div class=\"wp-block-cover__inner-container is-layout-flow wp-block-cover-is-layout-flow\">\r\n<h3 class=\"wp-block-heading has-text-align-center has-background-color has-text-color\">Schalter &#038; Steckdosen<\/h3>\r\n<\/div><\/div>\r\n<\/div>\r\n\r\n\r\n\r\n<div class=\"wp-block-column is-layout-flow wp-block-column-is-layout-flow\">\r\n<div class=\"wp-block-cover\" style=\"min-height:260px;aspect-ratio:unset;\"><span aria-hidden=\"true\" class=\"wp-block-cover__background has-background-dim-20 has-background-dim\"><\/span><img decoding=\"async\" class=\"wp-block-cover__image-background\" alt=\"Kabel &#038; Installationsmaterial\" src=\"https:\/\/images.unsplash.com\/photo-1584982751601-97dcc096659c?q=80&#038;w=1200\" data-object-fit=\"cover\"\/><div class=\"wp-block-cover__inner-container is-layout-flow wp-block-cover-is-layout-flow\">\r\n<h3 class=\"wp-block-heading has-text-align-center has-background-color has-text-color\">Kabel &#038; Installationsmaterial<\/h3>\r\n<\/div><\/div>\r\n<\/div>\r\n<\/div>\r\n\r\n\r\n\r\n<div class=\"wp-block-columns is-layout-flex wp-container-core-columns-is-layout-04f29e96 wp-block-columns-is-layout-flex\" style=\"margin-top:24px\">\r\n<div class=\"wp-block-column is-layout-flow wp-block-column-is-layout-flow\">\r\n<div class=\"wp-block-cover\" style=\"min-height:260px;aspect-ratio:unset;\"><span aria-hidden=\"true\" class=\"wp-block-cover__background has-background-dim-20 has-background-dim\"><\/span><img decoding=\"async\" class=\"wp-block-cover__image-background\" alt=\"Smart Home\" src=\"https:\/\/images.unsplash.com\/photo-1516116216624-53e697fedbea?q=80&#038;w=1200\" data-object-fit=\"cover\"\/><div class=\"wp-block-cover__inner-container is-layout-flow wp-block-cover-is-layout-flow\">\r\n<h3 class=\"wp-block-heading has-text-align-center has-background-color has-text-color\">Smart Home<\/h3>\r\n<\/div><\/div>\r\n<\/div>\r\n\r\n\r\n\r\n<div class=\"wp-block-column is-layout-flow wp-block-column-is-layout-flow\">\r\n<div class=\"wp-block-cover\" style=\"min-height:260px;aspect-ratio:unset;\"><span aria-hidden=\"true\" class=\"wp-block-cover__background has-background-dim-20 has-background-dim\"><\/span><img decoding=\"async\" class=\"wp-block-cover__image-background\" alt=\"Sicherheit &#038; Video\" src=\"https:\/\/images.unsplash.com\/photo-1518779578993-ec3579fee39f?q=80&#038;w=1200\" data-object-fit=\"cover\"\/><div class=\"wp-block-cover__inner-container is-layout-flow wp-block-cover-is-layout-flow\">\r\n<h3 class=\"wp-block-heading has-text-align-center has-background-color has-text-color\">Sicherheit &#038; Video<\/h3>\r\n<\/div><\/div>\r\n<\/div>\r\n\r\n\r\n\r\n<div class=\"wp-block-column is-layout-flow wp-block-column-is-layout-flow\">\r\n<div class=\"wp-block-cover\" style=\"min-height:260px;aspect-ratio:unset;\"><span aria-hidden=\"true\" class=\"wp-block-cover__background has-background-dim-20 has-background-dim\"><\/span><img decoding=\"async\" class=\"wp-block-cover__image-background\" alt=\"Haushaltsger\u00e4te\" src=\"https:\/\/images.unsplash.com\/photo-1517433456452-f9633a875f6f?q=80&#038;w=1200\" data-object-fit=\"cover\"\/><div class=\"wp-block-cover__inner-container is-layout-flow wp-block-cover-is-layout-flow\">\r\n<h3 class=\"wp-block-heading has-text-align-center has-background-color has-text-color\">Haushaltsger\u00e4te<\/h3>\r\n<\/div><\/div>\r\n<\/div>\r\n<\/div>\r\n<\/div>\r\n\r\n\r\n<!-- SHOP-HIGHLIGHTS -->\r\n\r\n<div id=\"shop\" class=\"wp-block-group has-global-padding is-layout-constrained wp-container-core-group-is-layout-05e2f61f wp-block-group-is-layout-constrained\" style=\"padding-top:64px;padding-bottom:64px\">\r\n<h2 class=\"wp-block-heading has-text-align-center\">Beliebte Produkte<\/h2>\r\n\r\n\r\n<!-- WooCommerce Shortcode: zeigt 8 empfohlene\/Featured Produkte in 4 Spalten an. Passen Sie Kategorien\/Attribute im WC-Backend an. -->\r\n<p>[products limit=&#8220;8&#8243; columns=&#8220;4&#8243; visibility=&#8220;featured&#8220;]<\/p>\n\r\n\r\n\r\n<div class=\"wp-block-buttons is-content-justification-center is-layout-flex wp-container-core-buttons-is-layout-33590bc7 wp-block-buttons-is-layout-flex\" style=\"margin-top:24px\">\r\n<div class=\"wp-block-button\"><a class=\"wp-block-button__link wp-element-button\" href=\"\/shop\">Zum gesamten Shop<\/a><\/div>\r\n<\/div>\r\n<\/div>\r\n\r\n\r\n<!-- NOTDIENST \/ CALL-OUT -->\r\n\r\n<div class=\"wp-block-group has-global-padding is-layout-constrained wp-container-core-group-is-layout-f8b65a28 wp-block-group-is-layout-constrained\" style=\"padding-top:48px;padding-right:0;padding-bottom:48px;padding-left:0\">\r\n<div class=\"wp-block-cover is-light\" style=\"min-height:280px;aspect-ratio:unset;\"><span aria-hidden=\"true\" class=\"wp-block-cover__background has-background-dim-60 has-background-dim\"><\/span><img decoding=\"async\" class=\"wp-block-cover__image-background\" alt=\"Notdienst\" src=\"https:\/\/images.unsplash.com\/photo-1496302662116-85c3b9ba6eed?q=80&#038;w=1920\" data-object-fit=\"cover\"\/><div class=\"wp-block-cover__inner-container is-layout-flow wp-block-cover-is-layout-flow\">\r\n<div class=\"wp-block-columns are-vertically-aligned-center is-layout-flex wp-container-core-columns-is-layout-ec2e7a44 wp-block-columns-is-layout-flex\" style=\"padding-top:0;padding-bottom:0\">\r\n<div class=\"wp-block-column is-vertically-aligned-center is-layout-flow wp-block-column-is-layout-flow\">\r\n<h3 class=\"wp-block-heading has-background-color has-text-color\">24\/7 Elektro\u2011Notdienst<\/h3>\r\n\r\n\r\n\r\n<p class=\"has-background-color has-text-color\">Schnell vor Ort bei Stromausfall, Sicherungsproblemen, Wasserschaden\u2011Kurzschluss &#038; Gefahrenlage.<\/p>\r\n<\/div>\r\n\r\n\r\n\r\n<div class=\"wp-block-column is-vertically-aligned-center is-layout-flow wp-block-column-is-layout-flow\">\r\n<div class=\"wp-block-buttons is-content-justification-right is-layout-flex wp-container-core-buttons-is-layout-d445cf74 wp-block-buttons-is-layout-flex\">\r\n<div class=\"wp-block-button\"><a class=\"wp-block-button__link has-background-color has-vivid-red-background-color has-text-color wp-element-button\" style=\"border-radius:999px\" href=\"tel:+49XXXXXXXXXX\">Jetzt anrufen: +49\u00a0XX\u00a0XXX\u00a0XX<\/a><\/div>\r\n<\/div>\r\n<\/div>\r\n<\/div>\r\n<\/div><\/div>\r\n<\/div>\r\n\r\n\r\n<!-- BEWERTUNGEN -->\r\n\r\n<div class=\"wp-block-group has-global-padding is-layout-constrained wp-container-core-group-is-layout-c8c6a0f4 wp-block-group-is-layout-constrained\" style=\"padding-top:48px;padding-bottom:48px\">\r\n<h2 class=\"wp-block-heading has-text-align-center\">Das sagen unsere Kundinnen &#038; Kunden<\/h2>\r\n\r\n\r\n\r\n<div class=\"wp-block-columns is-layout-flex wp-container-core-columns-is-layout-13e2ef3f wp-block-columns-is-layout-flex\">\r\n<div class=\"wp-block-column is-layout-flow wp-block-column-is-layout-flow\">\r\n<blockquote class=\"wp-block-quote is-layout-flow wp-block-quote-is-layout-flow\"><p>\u201eKompetente Beratung im Laden \u2013 Installation der Wallbox sauber und schnell.\u201c<\/p><cite>Martin R.<\/cite><\/blockquote>\r\n<\/div>\r\n\r\n\r\n\r\n<div class=\"wp-block-column is-layout-flow wp-block-column-is-layout-flow\">\r\n<blockquote class=\"wp-block-quote is-layout-flow wp-block-quote-is-layout-flow\"><p>\u201eGro\u00dfe Auswahl an Leuchten. Lieferung am n\u00e4chsten Tag, klare Empfehlung!\u201c<\/p><cite>Sarah K.<\/cite><\/blockquote>\r\n<\/div>\r\n\r\n\r\n\r\n<div class=\"wp-block-column is-layout-flow wp-block-column-is-layout-flow\">\r\n<blockquote class=\"wp-block-quote is-layout-flow wp-block-quote-is-layout-flow\"><p>\u201ePreis fair, Einbau top. W\u00fcrde ich wieder buchen.\u201c<\/p><cite>\u00d6mer A.<\/cite><\/blockquote>\r\n<\/div>\r\n<\/div>\r\n<\/div>\r\n\r\n\r\n<!-- MARKEN \/ PARTNER -->\r\n\r\n<div class=\"wp-block-group has-global-padding is-layout-constrained wp-container-core-group-is-layout-5fb0786f wp-block-group-is-layout-constrained\">\r\n<h2 class=\"wp-block-heading has-text-align-center\">Unsere Marken<\/h2>\r\n\r\n\r\n\r\n<div class=\"wp-block-columns is-layout-flex wp-container-core-columns-is-layout-9a14f22c wp-block-columns-is-layout-flex\">\r\n<div class=\"wp-block-column is-layout-flow wp-block-column-is-layout-flow\">\r\n<p class=\"has-text-align-center\">Gira<\/p>\r\n<\/div>\r\n\r\n\r\n\r\n<div class=\"wp-block-column is-layout-flow wp-block-column-is-layout-flow\">\r\n<p class=\"has-text-align-center\">Jung<\/p>\r\n<\/div>\r\n\r\n\r\n\r\n<div class=\"wp-block-column is-layout-flow wp-block-column-is-layout-flow\">\r\n<p class=\"has-text-align-center\">ABB<\/p>\r\n<\/div>\r\n\r\n\r\n\r\n<div class=\"wp-block-column is-layout-flow wp-block-column-is-layout-flow\">\r\n<p class=\"has-text-align-center\">Legrand<\/p>\r\n<\/div>\r\n<\/div>\r\n<\/div>\r\n\r\n\r\n<!-- FAQ -->\r\n\r\n<div class=\"wp-block-group has-global-padding is-layout-constrained wp-container-core-group-is-layout-c8c6a0f4 wp-block-group-is-layout-constrained\" style=\"padding-top:48px;padding-bottom:48px\">\r\n<h2 class=\"wp-block-heading has-text-align-center\">H\u00e4ufige Fragen<\/h2>\r\n\r\n\r\n\r\n<details class=\"wp-block-details is-layout-flow wp-block-details-is-layout-flow\"><summary>Kann ich Produkte online bestellen und im Laden abholen?<\/summary><p>Ja \u2013 w\u00e4hlen Sie an der Kasse &#8222;Abholung im Laden&#8220;. Wir informieren, sobald Ihre Bestellung bereitliegt.<\/p><\/details>\r\n\r\n\r\n\r\n<details class=\"wp-block-details is-layout-flow wp-block-details-is-layout-flow\"><summary>\u00dcbernehmen Sie auch kleine Installationsauftr\u00e4ge?<\/summary><p>Nat\u00fcrlich. Vom Austausch einer Steckdose bis zur kompletten Sanierung \u2013 wir beraten fair und transparent.<\/p><\/details>\r\n\r\n\r\n\r\n<details class=\"wp-block-details is-layout-flow wp-block-details-is-layout-flow\"><summary>Bieten Sie Garantie &#038; E\u2011Check?<\/summary><p>Ja. Auf Montagearbeiten geben wir Gew\u00e4hrleistung gem\u00e4\u00df Gesetz. Zus\u00e4tzlich bieten wir E\u2011Check\u2011Pr\u00fcfungen an.<\/p><\/details>\r\n<\/div>\r\n\r\n\r\n<!-- KONTAKT \/ CTA -->\r\n\r\n<div id=\"kontakt\" class=\"wp-block-group has-global-padding is-layout-constrained wp-container-core-group-is-layout-17605dab wp-block-group-is-layout-constrained\" style=\"padding-top:48px;padding-bottom:64px\">\r\n<h2 class=\"wp-block-heading has-text-align-center\">Anfrage &#038; Beratung<\/h2>\r\n\r\n\r\n\r\n<p class=\"has-text-align-center\">Rufen Sie uns an unter <a href=\"tel:+49XXXXXXXXXX\">+49\u00a0XX\u00a0XXX\u00a0XX<\/a> oder nutzen Sie das Formular \u2013 wir melden uns schnell zur\u00fcck.<\/p>\r\n\r\n\r\n<!-- Optional: Kontaktformular-Shortcode von Contact Form 7 \/ WPForms einsetzen -->\r\n<p>[contact-form-7 id=&#8220;123&#8243; title=&#8220;Kontakt&#8220;]<\/p>\n<\/div>\r\n\r\n\r\n<!-- FOOTER \/ INFOS -->\r\n\r\n<div class=\"wp-block-group alignfull has-background is-layout-flow wp-block-group-is-layout-flow\" style=\"background-color:#0b0b0b;padding-top:40px;padding-bottom:40px\">\r\n<div class=\"wp-block-columns is-layout-flow wp-block-columns-is-layout-flow\">\r\n<div class=\"wp-block-column is-layout-flow wp-block-column-is-layout-flow\">\r\n<p class=\"has-background-color has-text-color\">Elektro Muster GmbH<br\/>Musterstra\u00dfe\u00a01, 12345 Musterstadt<br\/>Mo\u2013Fr 9\u201318\u00a0Uhr, Sa 9\u201313\u00a0Uhr<\/p>\r\n<\/div>\r\n\r\n\r\n\r\n<div class=\"wp-block-column is-layout-flow wp-block-column-is-layout-flow\"><nav class=\"is-responsive wp-block-navigation is-layout-flex wp-block-navigation-is-layout-flex\" \n\t\t data-wp-interactive=\"core\/navigation\" data-wp-context='{\"overlayOpenedBy\":{\"click\":false,\"hover\":false,\"focus\":false},\"type\":\"overlay\",\"roleAttribute\":\"\",\"ariaLabel\":\"Men\\u00fc\"}'><button aria-haspopup=\"dialog\" aria-label=\"Men\u00fc \u00f6ffnen\" class=\"wp-block-navigation__responsive-container-open\" \n\t\t\t\tdata-wp-on--click=\"actions.openMenuOnClick\"\n\t\t\t\tdata-wp-on--keydown=\"actions.handleMenuKeydown\"\n\t\t\t><svg width=\"24\" height=\"24\" xmlns=\"http:\/\/www.w3.org\/2000\/svg\" viewBox=\"0 0 24 24\" aria-hidden=\"true\" focusable=\"false\"><path d=\"M4 7.5h16v1.5H4z\"><\/path><path d=\"M4 15h16v1.5H4z\"><\/path><\/svg><\/button>\n\t\t\t\t<div class=\"wp-block-navigation__responsive-container  has-text-color has-foreground-color has-background has-background-background-color\"  id=\"modal-2\" \n\t\t\t\tdata-wp-class--has-modal-open=\"state.isMenuOpen\"\n\t\t\t\tdata-wp-class--is-menu-open=\"state.isMenuOpen\"\n\t\t\t\tdata-wp-watch=\"callbacks.initMenu\"\n\t\t\t\tdata-wp-on--keydown=\"actions.handleMenuKeydown\"\n\t\t\t\tdata-wp-on--focusout=\"actions.handleMenuFocusout\"\n\t\t\t\ttabindex=\"-1\"\n\t\t\t>\n\t\t\t\t\t<div class=\"wp-block-navigation__responsive-close\" tabindex=\"-1\">\n\t\t\t\t\t\t<div class=\"wp-block-navigation__responsive-dialog\" \n\t\t\t\tdata-wp-bind--aria-modal=\"state.ariaModal\"\n\t\t\t\tdata-wp-bind--aria-label=\"state.ariaLabel\"\n\t\t\t\tdata-wp-bind--role=\"state.roleAttribute\"\n\t\t\t>\n\t\t\t\t\t\t\t<button aria-label=\"Men\u00fc schlie\u00dfen\" class=\"wp-block-navigation__responsive-container-close\" \n\t\t\t\tdata-wp-on--click=\"actions.closeMenuOnClick\"\n\t\t\t><svg xmlns=\"http:\/\/www.w3.org\/2000\/svg\" viewBox=\"0 0 24 24\" width=\"24\" height=\"24\" aria-hidden=\"true\" focusable=\"false\"><path d=\"m13.06 12 6.47-6.47-1.06-1.06L12 10.94 5.53 4.47 4.47 5.53 10.94 12l-6.47 6.47 1.06 1.06L12 13.06l6.47 6.47 1.06-1.06L13.06 12Z\"><\/path><\/svg><\/button>\n\t\t\t\t\t\t\t<div class=\"wp-block-navigation__responsive-container-content\" \n\t\t\t\tdata-wp-watch=\"callbacks.focusFirstElement\"\n\t\t\t id=\"modal-2-content\">\n\t\t\t\t\t\t\t\t<ul class=\"wp-block-navigation__container is-responsive wp-block-navigation\"><ul class=\"wp-block-page-list\"><li class=\"wp-block-pages-list__item wp-block-navigation-item open-on-hover-click\"><a class=\"wp-block-pages-list__item__link wp-block-navigation-item__content\" href=\"https:\/\/car-cleaning.it\/index.php\/sample-page\/\">Sample Page<\/a><\/li><li class=\"wp-block-pages-list__item wp-block-navigation-item open-on-hover-click\"><a class=\"wp-block-pages-list__item__link wp-block-navigation-item__content\" href=\"https:\/\/car-cleaning.it\/index.php\/startseite\/\">Startseite<\/a><\/li><\/ul><\/ul>\n\t\t\t\t\t\t\t<\/div>\n\t\t\t\t\t\t<\/div>\n\t\t\t\t\t<\/div>\n\t\t\t\t<\/div><\/nav><\/div>\r\n\r\n\r\n\r\n<div class=\"wp-block-column is-layout-flow wp-block-column-is-layout-flow\">\r\n<p class=\"has-text-align-right has-background-color has-text-color\">\u00a9 <script>document.write(new Date().getFullYear())<\/script> Elektro Muster GmbH<\/p>\r\n<\/div>\r\n<\/div>\r\n<\/div>\r\n\r\n","protected":false},"excerpt":{"rendered":"<p>\u2714 Meisterbetrieb &#038; E\u2011Check \u2714 Pers\u00f6nliche Beratung im Laden &#038; online \u2714 Schneller Einbau &#038; Notdienst Elektro\u2011Installationen &#038; Services Haus\u2011 &#038; Wohnungsinstallation Neuinstallation, Sanierung, Unterverteilungen, Steckdosen, Schalter, Beleuchtung. Abnahme &#038; Messprotokoll inklusive. E\u2011Check &#038; DGUV\u2011Pr\u00fcfungen FI\/RCD\u2011Nachr\u00fcstung Smart\u2011Home\u2011Vorbereitung Wallbox &#038; PV\u2011Anbindung Beratung, Montage und Anmeldung beim Netzbetreiber. Lastmanagement und Integration in Smart\u2011Home\u2011Systeme. 11\u202fkW \/ 22\u202fkW Backend\u2011Einrichtung [&hellip;]<\/p>\n","protected":false},"author":1,"featured_media":0,"parent":0,"menu_order":0,"comment_status":"closed","ping_status":"closed","template":"","meta":{"footnotes":""},"class_list":["post-6","page","type-page","status-publish","hentry"],"_links":{"self":[{"href":"https:\/\/car-cleaning.it\/index.php\/wp-json\/wp\/v2\/pages\/6","targetHints":{"allow":["GET"]}}],"collection":[{"href":"https:\/\/car-cleaning.it\/index.php\/wp-json\/wp\/v2\/pages"}],"about":[{"href":"https:\/\/car-cleaning.it\/index.php\/wp-json\/wp\/v2\/types\/page"}],"author":[{"embeddable":true,"href":"https:\/\/car-cleaning.it\/index.php\/wp-json\/wp\/v2\/users\/1"}],"replies":[{"embeddable":true,"href":"https:\/\/car-cleaning.it\/index.php\/wp-json\/wp\/v2\/comments?post=6"}],"version-history":[{"count":2,"href":"https:\/\/car-cleaning.it\/index.php\/wp-json\/wp\/v2\/pages\/6\/revisions"}],"predecessor-version":[{"id":8,"href":"https:\/\/car-cleaning.it\/index.php\/wp-json\/wp\/v2\/pages\/6\/revisions\/8"}],"wp:attachment":[{"href":"https:\/\/car-cleaning.it\/index.php\/wp-json\/wp\/v2\/media?parent=6"}],"curies":[{"name":"wp","href":"https:\/\/api.w.org\/{rel}","templated":true}]}}